{"id":3,"date":"2021-05-11T09:15:08","date_gmt":"2021-05-11T09:15:08","guid":{"rendered":"https:\/\/florensartesania.com\/?page_id=3"},"modified":"2021-07-13T15:02:49","modified_gmt":"2021-07-13T15:02:49","slug":"politica-privacidad","status":"publish","type":"page","link":"https:\/\/florensartesania.com\/index.php\/politica-privacidad\/","title":{"rendered":"Pol\u00edtica de privacidad"},"content":{"rendered":"\n<h2>Qui\u00e9nes somos<\/h2>\n\n\n\n<p>La direcci\u00f3n de nuestra web es: https:\/\/florensartesania.com.<\/p>\n\n\n\n<p><strong>POL\u00cdTICA DE PRIVACIDAD CONDICIONES GENERALES DE USO<\/strong><\/p>\n\n\n\n<p><strong>1. ACEPTACI\u00d3N DE LOS T\u00c9RMINOS DE USO<\/strong><\/p>\n\n\n\n<p>La utilizaci\u00f3n del sitio web <a href=\"https:\/\/florensartesania.com\/\">https:\/\/florensartesania.com\/<\/a> propiedad de florensartesania, en adelante florensartesania.com.<\/p>\n\n\n\n<p>El acceso a florensartesania.com es absolutamente voluntaria y supone la aceptaci\u00f3n plena por quien accede al mismo, en adelante el Usuario asume todas las Condiciones Generales de Uso vigentes en cada momento que se encuentren en la presente direcci\u00f3n, por lo cual el Usuario deber\u00e1 leer detenidamente y aceptar sin ning\u00fan tipo de reservas la presente <strong>POLITICA DE PRIVACIDAD<\/strong>.<\/p>\n\n\n\n<p>Antes de realizar cualquier tipo de operaci\u00f3n, visionado, utilizaci\u00f3n, etc. con estos sitios web.<\/p>\n\n\n\n<p>El Usuario se compromete a no utilizar los sitios web o sus servicios y contenidos de forma contraria a lo dispuesto por la legislaci\u00f3n vigente. florensartesania.com se reserva el derecho a retirar el acceso a la presente p\u00e1gina web, sin necesidad de previo aviso, a cualquier Usuario que contravenga lo dispuesto en estas Condiciones Generales de Uso.<\/p>\n\n\n\n<p>florensartesania.com se reserva el derecho de modificar en cualquier momento las presentes Condiciones Generales de Uso as\u00ed como cualesquiera otras condiciones generales o particulares, reglamentos de uso o avisos que resulten de aplicaci\u00f3n. As\u00ed mismo se reserva el derecho a modificar en cualquier momento la presentaci\u00f3n, configuraci\u00f3n&nbsp; y localizaci\u00f3n del Sitio Web, as\u00ed como los contenidos y las condiciones requeridas para utilizar los mismos.<\/p>\n\n\n\n<p>florensartesania.com proporciona informaci\u00f3n clara y gratuita a los Usuarios sobre los productos y servicios que proporciona a sus clientes, sus caracter\u00edsticas e informaci\u00f3n sobre la propia entidad.\u00a0 En\u00a0 www.florensartesania.com podr\u00e1n\u00a0\u00a0 realizarse\u00a0\u00a0 enlaces\u00a0\u00a0 a\u00a0\u00a0 otras\u00a0\u00a0 p\u00e1ginas, \u00a0las\u00a0\u00a0 cuales\u00a0\u00a0 no\u00a0\u00a0 son\u00a0\u00a0 gestionadas\u00a0\u00a0 por florensartesania.com. Dichos enlaces provienen de otras \u00a0fuentes de informaci\u00f3n, no suponiendo su inclusi\u00f3n\u00a0\u00a0 recomendaci\u00f3n,\u00a0\u00a0 invitaci\u00f3n\u00a0\u00a0 o\u00a0\u00a0 sugerencia \u00a0para\u00a0\u00a0 la\u00a0\u00a0 visita\u00a0\u00a0 de\u00a0\u00a0 las\u00a0\u00a0 p\u00e1ginas\u00a0\u00a0 de\u00a0\u00a0 destino\u00a0\u00a0 y\u00a0\u00a0 por\u00a0\u00a0 lo\u00a0\u00a0 tanto florensartesania.com declina toda responsabilidad que pudiese surgir al acceder a las p\u00e1ginas de terceros.<\/p>\n\n\n\n<p><strong>2. OBJETO<\/strong><\/p>\n\n\n\n<p>florensartesania proporciona informaci\u00f3n clara y gratuita a los Usuarios sobre los productos y servicios que proporciona a sus clientes, sus caracter\u00edsticas e informaci\u00f3n sobre la propia entidad.&nbsp; En&nbsp; www.florensartesania.com&nbsp;&nbsp;&nbsp; podr\u00edan&nbsp;&nbsp; realizarse&nbsp;&nbsp; enlaces&nbsp;&nbsp; a&nbsp;&nbsp; otras&nbsp;&nbsp; p\u00e1ginas,&nbsp;&nbsp; las&nbsp;&nbsp; cuales&nbsp;&nbsp; no&nbsp;&nbsp; son&nbsp;&nbsp; gestionadas por florensartesania Dichos enlaces provienen de otras fuentes de informaci\u00f3n, no suponiendo su inclusi\u00f3n &nbsp;recomendaci\u00f3n,&nbsp;&nbsp; invitaci\u00f3n&nbsp;&nbsp; o&nbsp;&nbsp; sugerencia&nbsp;&nbsp; para&nbsp;&nbsp; la&nbsp;&nbsp; visita&nbsp;&nbsp; de&nbsp;&nbsp; las&nbsp;&nbsp; p\u00e1ginas&nbsp;&nbsp; de&nbsp;&nbsp; destino&nbsp;&nbsp; y&nbsp;&nbsp; por&nbsp;&nbsp; lo&nbsp; &nbsp;tanto INSTRUMENTACI\u00d3N ANAL\u00cdTICA, S.A. declina toda responsabilidad que pudiese surgir al acceder a las p\u00e1ginas de terceros.<\/p>\n\n\n\n<p><strong>\u00a03. PROPIEDAD INTELECTUAL E INDUSTRIAL<\/strong><\/p>\n\n\n\n<p>&nbsp;El&nbsp;&nbsp; Usuario&nbsp;&nbsp; reconoce&nbsp;&nbsp; y&nbsp;&nbsp; acepta&nbsp;&nbsp; que&nbsp;&nbsp; todos&nbsp;&nbsp; los&nbsp;&nbsp; derechos&nbsp;&nbsp; de propiedad&nbsp;&nbsp; industrial&nbsp;&nbsp; e&nbsp;&nbsp; intelectual&nbsp;&nbsp; sobre&nbsp;&nbsp; los contenidos y cualesquiera otros elementos insertados en el Sitio Web pertenecen a florensartesania.com o a sus licenciantes, salvo en lo mencionado en el apartado &nbsp;&nbsp;anterior referente a hiperv\u00ednculos. florensartesania.com es titular de los elementos que integran el dise\u00f1o gr\u00e1fico de su p\u00e1gina web, los men\u00fas, botones de navegaci\u00f3n, el c\u00f3digo HTML, los textos, im\u00e1genes, texturas, gr\u00e1ficos y cualquier otro contenido de la p\u00e1gina web o, en cualquier caso, dispone de la correspondiente autorizaci\u00f3n para la utilizaci\u00f3n de dichos elementos.&nbsp; Por lo tanto, el Usuario s\u00f3lo est\u00e1 autorizado a visualizar todo el material &nbsp;y contenido de esta p\u00e1gina tal y como se presenta y a descargar en una sola computadora una copia del material para su uso personal y privado, nunca con prop\u00f3sitos comerciales, siempre que el Usuario cumpla con todas las normativas de propiedad industrial e intelectual. As\u00ed mismo queda prohibido suprimir, eludir o manipular el \u00abcopyright\u00bb y dem\u00e1s datos identificativos de los derechos de www.florensartesania.com as\u00ed como los dispositivos t\u00e9cnicos de protecci\u00f3n, o cualquier mecanismo de informaci\u00f3n que pudieran contener los contenidos. florensartesania.com autoriza el establecimiento de enlaces entre otras webs y la suya, siempre que se respeten las siguientes condiciones: -que el enlace no se establezca desde una web cuyos contenidos resulten contrarios a la Ley, a la moral y al orden p\u00fablico, -que no se ofrezca una imagen de florensartesania.com o de sus productos que resulte distorsionada, perjudicial, o equivocada, -que&nbsp;&nbsp; no&nbsp;&nbsp; se&nbsp;&nbsp; cree&nbsp;&nbsp; la&nbsp;&nbsp; impresi\u00f3n&nbsp;&nbsp; de&nbsp;&nbsp; que&nbsp; &nbsp;concurre&nbsp;&nbsp; una&nbsp;&nbsp; inexistente relaci\u00f3n o vinculaci\u00f3n&nbsp;&nbsp; comercial&nbsp;&nbsp; entre florensartesania.com y los titulares, responsables o anunciantes desde la que se crea el enlace, cuando&nbsp;&nbsp; \u00e9ste&nbsp;&nbsp; no&nbsp;&nbsp; sea&nbsp;&nbsp; el&nbsp;&nbsp; caso, -que no se cree la impresi\u00f3n de que los contenidos &nbsp;o web de florensartesania.com pertenecen o han sido dise\u00f1ados por los titulares, responsables o anunciantes en la web desde la que se establece el enlace.<\/p>\n\n\n\n<p><strong>\u00a04. USO DEL SERVICIO Y RESPONSABILIDADES<\/strong><\/p>\n\n\n\n<p>&nbsp;&nbsp;Las condiciones de acceso y uso de la presente p\u00e1gina web se rigen estrictamente por la legalidad vigente y por el principio de buena fe comprometi\u00e9ndose &nbsp;el Usuario a realizar un buen uso de la web y de los servicios que se ofrecen. Quedan&nbsp;&nbsp; prohibidos&nbsp;&nbsp; todos&nbsp;&nbsp; los&nbsp;&nbsp; actos &nbsp;&nbsp;que&nbsp;&nbsp; vulneren&nbsp;&nbsp; la&nbsp;&nbsp; legalidad,&nbsp;&nbsp; derechos&nbsp;&nbsp; o&nbsp;&nbsp; intereses&nbsp;&nbsp; de&nbsp;&nbsp; terceros, prohibi\u00e9ndose expresamente: Realizar actuaciones&nbsp; que puedan producir en la web o a trav\u00e9s de la misma y por cualquier medio alg\u00fan tipo de da\u00f1o a los sistemas de florensartesania.com o a terceros Realizar publicidad o informaci\u00f3n comercial directamente o de forma encubierta, spam (env\u00edo de correos masivos)&nbsp;&nbsp; o&nbsp;&nbsp; el&nbsp;&nbsp; env\u00edo&nbsp;&nbsp; de&nbsp;&nbsp; grandes&nbsp;&nbsp; mensajes&nbsp;&nbsp; con&nbsp;&nbsp; el&nbsp;&nbsp; fin&nbsp;&nbsp; de&nbsp;&nbsp; bloquear los&nbsp;&nbsp; servidores&nbsp;&nbsp; de&nbsp;&nbsp; la&nbsp;&nbsp; red. florensartesania.com no&nbsp;&nbsp; puede&nbsp;&nbsp; asumir&nbsp;&nbsp; ninguna&nbsp;&nbsp; responsabilidad &nbsp;&nbsp;derivada&nbsp;&nbsp; del&nbsp;&nbsp; uso incorrecto,&nbsp; inapropiado&nbsp; o il\u00edcito de&nbsp; la informaci\u00f3n&nbsp; aparecida&nbsp;&nbsp; en las p\u00e1ginas&nbsp; de&nbsp; Internet&nbsp; de florensartesania.com.<\/p>\n\n\n\n<p><strong>\u00a0 5. CONDICIONES LEGALES DE INFORMACI\u00d3N GENERAL <\/strong>\u00a0\u00a0\u00a0\u00a0\u00a0\u00a0\u00a0\u00a0\u00a0\u00a0\u00a0\u00a0<\/p>\n\n\n\n<p>&nbsp;&nbsp;Florensartesania.com en cumplimiento con lo dispuesto en el art 10 de Ley 34\/2002 de Servicios de la Sociedad de la Informaci\u00f3n y de Comercio Electr\u00f3nico, a trav\u00e9s de su p\u00e1gina Web proporciona el acceso, por medios electr\u00f3nicos, de forma permanente, f\u00e1cil, directa y gratuita, a la informaci\u00f3n relativa a su raz\u00f3n social, datos fiscales, registrales, domicilio y direcci\u00f3n de comunicaciones.<\/p>\n\n\n\n<p>\u00a0\u00a0<strong>6. POL\u00cdTICA EN PROTECCI\u00d3N DE DATOS<\/strong><\/p>\n\n\n\n<p>&nbsp;florensartesania.com cumple con la normativa vigente establecida en la Ley 15\/1999 de Protecci\u00f3n de datos de car\u00e1cter personal, LOPD, y dem\u00e1s legislaci\u00f3n que la desarrolla. Con car\u00e1cter previo, se pone de manifiesto que para el acceso a determinada informaci\u00f3n y contenido, el Usuario deber\u00e1 previamente darse de alta como tal, debiendo aceptar en la forma establecida en el mismo, de acuerdo con la&nbsp; LOPD, el tratamiento de sus datos personales, para poder ser incorporado a nuestro fichero.&nbsp; florensartesania.com se compromete&nbsp; a&nbsp; cancelar los datos&nbsp; personales&nbsp; cuando&nbsp;&nbsp; hayan dejado de ser necesarios o pertinentes para la finalidad para la cual fueron recogidos a trav\u00e9s del formulario habilitado a tal efecto y a atender a las peticiones de informaci\u00f3n solicitadas por el Usuario, siendo el responsable del tratamiento florensartesania.com.<\/p>\n\n\n\n<p>De otra parte se informa a los Usuarios del uso de cookies para obtener informaci\u00f3n y realizar an\u00e1lisis estad\u00edsticos sobre el uso de nuestro sitio web. Las cookies que utiliza florensartesania.com son an\u00f3nimas y no se refieren a los datos personales del Usuario ni se puede acceder a trav\u00e9s de las mismas a datos del disco duro del Usuario. La identidad del Usuario nunca es insertada directamente en la cookie y por tanto no se le puede identificar.&nbsp; El protocolo utilizado se trata de un protocolo sin estado, lo que significa que se carece de medios para relacionar la informaci\u00f3n concerniente a una petici\u00f3n con otra petici\u00f3n anterior o posterior.<\/p>\n\n\n\n<p>&nbsp;Este protocolo no conoce a la persona a quien est\u00e1 enviando una p\u00e1gina ni cu\u00e1ntas p\u00e1ginas le haya podido enviar, incluso aunque nos hayamos conectado escasamente algunos segundos antes, ya que cada petici\u00f3n de la p\u00e1gina se procesa independientemente.<\/p>\n\n\n\n<p><strong>7. EXCLUSI\u00d3N DE RESPONSABILIDAD<\/strong><\/p>\n\n\n\n<p>&nbsp;florensartesania.com declina toda responsabilidad en caso de que el acceso o las visitas a su web se vieran imposibilitadas o dificultadas debido&nbsp; a una interrupci\u00f3n&nbsp; o defectuosa prestaci\u00f3n&nbsp; del&nbsp; suministro el\u00e9ctrico, telef\u00f3nico o de otros proveedores de telecomunicaciones ajenos a florensartesania.com o en el caso de producirse conflictos sociales u otros supuestos &nbsp;de fuerza mayor, o cualquier actuaci\u00f3n de un tercero, incluidos los requerimientos u \u00f3rdenes administrativas o judiciales, sabotajes o saturaciones, intencionadas o no. Se declina igualmente toda responsabilidad derivada de los da\u00f1os y perjuicios que pudiera sufrir el visitante en&nbsp; sus&nbsp; medios&nbsp; inform\u00e1ticos&nbsp;&nbsp; o telem\u00e1ticos&nbsp; a&nbsp; consecuencia&nbsp; de&nbsp;&nbsp; la producci\u00f3n &nbsp;de&nbsp; cualquiera&nbsp;&nbsp; de&nbsp; las circunstancias anteriormente expuestas. florensartesania.com no garantiza &nbsp;la disponibilidad y continuidad del Sitio Web ni se hace responsable de cualesquiera da\u00f1os y perjuicios producidos o que puedan producirse en el futuro, ni de los defectos t\u00e9cnicos, cualquiera que sea su naturaleza, que se deriven del uso de la informaci\u00f3n y de las materias contenidas en el Web www.florensartesania.com Con&nbsp;&nbsp; los&nbsp;&nbsp; l\u00edmites establecidos&nbsp;&nbsp; en&nbsp;&nbsp; la&nbsp;&nbsp; Ley,&nbsp;&nbsp; florensartesania.com no&nbsp;&nbsp; asume ninguna responsabilidad derivada de la falta de actualizaci\u00f3n y precisi\u00f3n de los datos o informaciones que se contienen en sus p\u00e1ginas de Internet.<\/p>\n\n\n\n<p><strong>\u00a0COOKIES<\/strong><\/p>\n\n\n\n<p>Aceptaci\u00f3n de cookies<\/p>\n\n\n\n<p>Si usted contin\u00faa su navegaci\u00f3n una vez informado sobre la Pol\u00edtica de Cookies, entenderemos que acepta la utilizaci\u00f3n de las cookies por parte de la web y aplicaciones. Sin embargo, si usted quiere, puede cambiar la configuraci\u00f3n de cookies en cualquier momento, configurando su navegador para aceptar, o no, las cookies que recibe o para que el navegador le avise cuando un servidor quiera guardar una cookie.<\/p>\n\n\n\n<p>&nbsp;Le informamos que en el caso de bloquear o no aceptar la instalaci\u00f3n de cookies, es posible que ciertos servicios no est\u00e1n disponibles sin la utilizaci\u00f3n de \u00e9stas o que no pueda acceder a determinados servicios ni tampoco aprovechar por completo todo lo que nuestras webs y aplicaciones le ofrecen.<\/p>\n\n\n\n<p>\u00bfPara qu\u00e9 se utilizan las cookies?<\/p>\n\n\n\n<p>Son ampliamente utilizados para conocer la actividad de los visitantes al sitio web, con el fin de mejorar el mismo a partir del almacenamiento y recuperaci\u00f3n de los datos de navegaci\u00f3n de los usuarios.<\/p>\n\n\n\n<p>Informaci\u00f3n importante sobre c\u00f3mo utilizamos las cookies:<\/p>\n\n\n\n<p>Se utilizan las cookies a efectos estad\u00edsticos, funcionales y para mejorar nuestros servicios a trav\u00e9s del an\u00e1lisis del uso que realizan los visitantes a nuestro sitio web, incluyendo el uso de nuestros servicios de banca por internet.<\/p>\n\n\n\n<p>Al navegar por este sitio web se utilizan cookies de sesi\u00f3n y cookies persistentes que, a su vez, pueden ser cookies propias y de terceros.<\/p>\n\n\n\n<p>Las cookies de sesi\u00f3n son cookies dise\u00f1adas para recabar y almacenar datos mientras el usuario accede a una p\u00e1gina web. Se suelen emplear para almacenar informaci\u00f3n que solo interesa conservar para la prestaci\u00f3n del servicio solicitado por el usuario en una sola ocasi\u00f3n.<\/p>\n\n\n\n<p>Las cookies persistentes son un tipo de cookies en el que los datos siguen almacenados en el terminal y a los que se puede acceder y tratar durante un periodo definido por el responsable de la cookie, y que puede ir de unos minutos a varios a\u00f1os.<\/p>\n\n\n\n<p>Cookies propias<\/p>\n\n\n\n<p>La siguiente tabla muestra las cookies que son fijadas por florensartesania.com en el sitio web &nbsp;y la finalidad para la que se utiliza cada una:<\/p>\n\n\n\n<p>Cookies de personalizaci\u00f3n<\/p>\n\n\n\n<p>Estas cookies permiten al usuario especificar o personalizar algunas caracter\u00edsticas de las opciones generales de la p\u00e1gina web. Por ejemplo, para configurar las opciones de volumen o visualizaci\u00f3n de los videos incluidos en el sitio web.<\/p>\n\n\n\n<p>Cookies de terceros<\/p>\n\n\n\n<p>Existe una serie de proveedores que establecen las cookies con el fin de proporcionar determinados servicios. La siguiente tabla muestra las cookies que se establecen en la p\u00e1gina web www.florensartesania.com. es por parte de terceros, los fines para los que se utilizan y los enlaces a p\u00e1ginas web donde se puede encontrar m\u00e1s informaci\u00f3n sobre las cookies:<\/p>\n\n\n\n<p>Cookies anal\u00edticas<\/p>\n\n\n\n<p>Las cookies de Google Analytics se utilizan con el fin de analizar y medir c\u00f3mo los visitantes usan este sitio web.<\/p>\n\n\n\n<p>La informaci\u00f3n sirve para elaborar informes que permiten mejorar este sitio. Estas cookies recopilan informaci\u00f3n en forma an\u00f3nima,<\/p>\n\n\n\n<p>Incluyendo el n\u00famero de visitantes al sitio, c\u00f3mo han llegado al mismo y las p\u00e1ginas que visitado mientras navegaba en nuestro sitio web.<\/p>\n\n\n\n<p>M\u00e1s info: <a href=\"https:\/\/developers.google.com\/analytics\/devguides\/collection\/analyticsjs\/cookie-usage\">https:\/\/developers.google.com\/analytics\/devguides\/collection\/analyticsjs\/cookie-usage<\/a>\u00ab<\/p>\n\n\n\n<p>\u00a0Las cookies de Youtube se utilizan para contabilizar el n\u00famero de visualizaciones de los videos incrustados en el sitio web.<\/p>\n\n\n\n<p>M\u00e1s info: <a href=\"http:\/\/www.google.es\/intl\/es\/policies\/technologies\/types\/ \">http:\/\/www.google.es\/intl\/es\/policies\/technologies\/types\/ <\/a><\/p>\n\n\n\n<p>Las cookies de Twitter se utilizan para contabilizar el n\u00famero de usuarios que ha visto nuestro perfil (o \u00abtimeline\u00bb) de la red social<\/p>\n\n\n\n<p>Incluida en nuestro sitio web o para visualizar un comentario o \u00abtweet\u00bb incluido en \u00e9l.<\/p>\n\n\n\n<p>M\u00e1s info: <a href=\"https:\/\/support.twitter.com\/articles\/20170521-el-uso-que-hace-twitter-de-cookies-y-tecnologias-similares\">https:\/\/support.twitter.com\/articles\/20170521-el-uso-que-hace-twitter-de-cookies-y-tecnologias-similares<\/a><\/p>\n\n\n\n<p>Cookiest\u00e9cnicas<\/p>\n\n\n\n<p>Las cookies de Twitter y Facebook se utilizan con el fin de habilitar el contenido para ser compartido en las redes sociales y poder hacer seguimiento del usuario. Tambi\u00e9n se utilizan para recopilar informaci\u00f3n sobre c\u00f3mo se comparte contenido del sitio web. M\u00e1s info:<\/p>\n\n\n\n<p><a href=\"https:\/\/support.twitter.com\/articles\/20170521-el-uso-que-hace-twitter-de-cookies-y-tecnologias-similares\">https:\/\/support.twitter.com\/articles\/20170521-el-uso-que-hace-twitter-de-cookies-y-tecnologias-similares<\/a><\/p>\n\n\n\n<p><a href=\"http:\/\/www.facebook.com\/help\/cookies\/?ref=sitefooter\">http:\/\/www.facebook.com\/help\/cookies\/?ref=sitefooter<\/a><\/p>\n\n\n\n<p>Las cookies de Youtube se utilizan para almacenar contenidos para la difusi\u00f3n de los videos, ejecutar los mismos de manera remota y obtener los datos del retraso de la conexi\u00f3n con el servidor. Tambi\u00e9n se utilizan sus cookies para funciones de seguridad a fin de identificar abusos de sus servidores. <a href=\"http:\/\/www.google.es\/intl\/es\/policies\/technologies\/types\/\">http:\/\/www.google.es\/intl\/es\/policies\/technologies\/types\/<\/a><\/p>\n\n\n\n<p>Cookies de personalizaci\u00f3n<\/p>\n\n\n\n<p>Cookies de DoubleClick: son aqu\u00e9llas que permiten la gesti\u00f3n de los espacios publicitarios que, en su caso, el editor haya incluido la p\u00e1gina web desde la que presta el servicio solicitado en base a criterios como el contenido editado o la frecuencia en la que se muestran los anuncios. <a href=\"https:\/\/support.google.com\/adsense\/answer\/2839090?hl=es\">https:\/\/support.google.com\/adsense\/answer\/2839090?hl=es<\/a><\/p>\n\n\n\n<p>Cookies de publicidad<\/p>\n\n\n\n<p>Cookies de DoubleClick: son aqu\u00e9llas que permiten la gesti\u00f3n de los espacios publicitarios que, en su caso, el editor haya incluido la p\u00e1gina web desde la que presta el servicio solicitado en base a criterios como el contenido editado o la frecuencia en la que se muestran los anuncios. <a href=\"https:\/\/support.google.com\/adsense\/answer\/2839090?hl=es\">https:\/\/support.google.com\/adsense\/answer\/2839090?hl=es<\/a><\/p>\n\n\n\n<p>Cookies flash<\/p>\n\n\n\n<p>Tambi\u00e9n utilizamos cookies flash para almacenar las preferencias del usuario como el control del volumen. Utilizamos cookies propias y de terceras empresas, con las que colaboramos para proporcionar determinadas caracter\u00edsticas en nuestro sitio web, para recopilar y almacenar datos de car\u00e1cter no personal.<\/p>\n\n\n\n<p>Las cookies flash son diferentes a las cookies de sesi\u00f3n o persistentes en cuanto a la cantidad, el tipo y el modo de almacenar los datos. Las herramientas de gesti\u00f3n de las cookies proporcionadas por su navegador no eliminaron las cookies flash.<\/p>\n\n\n\n<p>C\u00f3mo desactivar las cookies<\/p>\n\n\n\n<p>Para cumplir con la legislaci\u00f3n vigente, tenemos que pedir su permiso para gestionar cookies. Si decide no autorizar el tratamiento indic\u00e1ndonos su no conformidad, solo usaremos las cookies que son imprescindibles para la navegaci\u00f3n por nuestra web. En este caso, no almacenar\u00edamos ninguna cookie.<\/p>\n\n\n\n<p>&nbsp;En el caso de seguir navegando por nuestro sitio web sin denegar su autorizaci\u00f3n implica que acepta su uso.<\/p>\n\n\n\n<p>Tenga en cuenta que si rechaza o borra las cookies de navegaci\u00f3n, no podremos mantener sus preferencias, algunas caracter\u00edsticas de las p\u00e1ginas no estar\u00e1n operativas, no podremos ofrecerle servicios personalizados y cada vez que vaya a navegar por nuestra web tendremos que solicitarle de nuevo su autorizaci\u00f3n para el uso de cookies.<\/p>\n\n\n\n<p>Puede modificar la configuraci\u00f3n de su acceso a la p\u00e1gina web.<\/p>\n\n\n\n<p>Debe saber que es posible eliminar las cookies o impedir que se registre esta informaci\u00f3n en su equipo en cualquier momento mediante la modificaci\u00f3n de los par\u00e1metros de configuraci\u00f3n de su navegador:<\/p>\n\n\n\n<p>Configuraci\u00f3n de cookies Explorer<\/p>\n\n\n\n<p><a href=\"http:\/\/windows.microsoft.com\/es-es\/internet-explorer\/delete-manage-cookies#ie=ie-11\">http:\/\/windows.microsoft.com\/es-es\/internet-explorer\/delete-manage-cookies#ie=ie-11<\/a><\/p>\n\n\n\n<p>Configuraci\u00f3n de cookies Mozilla<\/p>\n\n\n\n<p><a href=\"http:\/\/support.mozilla.org\/es\/kb\/habilitar-y-deshabilitar-cookies-que-los-sitios-we\">http:\/\/support.mozilla.org\/es\/kb\/habilitar-y-deshabilitar-cookies-que-los-sitios-we<\/a><\/p>\n\n\n\n<p>Configuraci\u00f3n de cookies de Google<\/p>\n\n\n\n<p><a href=\"https:\/\/support.google.com\/chrome\/answer\/95647?hl=es\">https:\/\/support.google.com\/chrome\/answer\/95647?hl=es<\/a><\/p>\n\n\n\n<p>Configuraci\u00f3n de cookies de Safari<\/p>\n\n\n\n<p><a href=\"http:\/\/www.apple.com\/legal\/privacy\/es\/cookies\/\">http:\/\/www.apple.com\/legal\/privacy\/es\/cookies\/<\/a><\/p>\n\n\n\n<p>Configuraci\u00f3n de cookies de Flash<\/p>\n\n\n\n<p><a href=\"http:\/\/www.macromedia.com\/support\/documentation\/es\/flashplayer\/help\/settings_manager03.html \">http:\/\/www.macromedia.com\/support\/documentation\/es\/flashplayer\/help\/settings_manager03.html <\/a><\/p>\n\n\n\n<p>Si desea no permitir almacenar ning\u00fan tipo de dato de flash player, deseleccione las casillas \u00abPermitir que el contenido de Flash almacene informaci\u00f3n en el equipo\u00bb y \u00abAlmacenar los componentes comunes de Flash para reducir los tiempos de descarga\u00bb. <\/p>\n\n\n\n<p>Si desea limitar la cantidad de datos recogidos por las aplicaciones flash deslice el indicador de la barra del panel de configuraci\u00f3n global de almacenamiento en la posici\u00f3n que desee.&lt;\/p&gt;<\/p>\n\n\n\n<p>florensartesania.com no es titular ni patrocina los enlaces indicados anteriormente, por lo que no asume responsabilidad alguna sobre su contenido.<\/p>\n\n\n\n<p>El usuario puede revocar su consentimiento para el uso de cookies en su navegador bien a trav\u00e9s de los enlaces anteriores, bien a trav\u00e9s de los siguientes enlaces de terceros:<\/p>\n\n\n\n<p><a href=\"https:\/\/tools.google.com\/dlpage\/gaoptout?hl=None\">https:\/\/tools.google.com\/dlpage\/gaoptout?hl=None<\/a> Google Analytics<\/p>\n\n\n\n<p><a href=\"http:\/\/www.google.com\/settings\/ads\/plugin\">http:\/\/www.google.com\/settings\/ads\/plugin<\/a> Doubleclick<\/p>\n\n\n\n<p><a href=\"http:\/\/www.macromedia.com\/support\/documentation\/es\/flashplayer\/help\/settings_manager07.html\">http:\/\/www.macromedia.com\/support\/documentation\/es\/flashplayer\/help\/settings_manager07.html<\/a> Cookies Flash<\/p>\n\n\n\n<p>Seleccione la opci\u00f3n \u00abEliminar todos los sitios\u00bb o seleccione la web espec\u00edfica que desee borrar y \u00abEliminar Sitio Web\u00bb. &nbsp;<\/p>\n\n\n\n<p>Actualizaciones y cambios en la Pol\u00edtica de Cookies<\/p>\n\n\n\n<p>florensartesania.com puede modificar esta Pol\u00edtica de Cookies en funci\u00f3n de nuevas exigencias legislativas, reglamentarias, o con la finalidad de adaptar dicha pol\u00edtica a las instrucciones dictadas por la Agencia Espa\u00f1ola de Protecci\u00f3n de Datos.<\/p>\n\n\n\n<p>Cuando se produzcan cambios significativos en esta Pol\u00edtica de Cookies se comunicar\u00e1 al usuario.<\/p>\n","protected":false},"excerpt":{"rendered":"<p>Qui\u00e9nes somos La direcci\u00f3n de nuestra web es: https:\/\/florensartesania.com. POL\u00cdTICA DE PRIVACIDAD CONDICIONES GENERALES DE USO 1. ACEPTACI\u00d3N DE LOS T\u00c9RMINOS DE USO La utilizaci\u00f3n del sitio web https:\/\/florensartesania.com\/ propiedad de florensartesania, en adelante florensartesania.com. El acceso a florensartesania.com es absolutamente voluntaria y supone la aceptaci\u00f3n plena por quien accede al mismo, en adelante el [&hellip;]<\/p>\n","protected":false},"author":1,"featured_media":0,"parent":0,"menu_order":6,"comment_status":"closed","ping_status":"closed","template":"","meta":{"om_disable_all_campaigns":false,"_monsterinsights_skip_tracking":false,"_monsterinsights_sitenote_active":false,"_monsterinsights_sitenote_note":"","_monsterinsights_sitenote_category":0,"spay_email":""},"_links":{"self":[{"href":"https:\/\/florensartesania.com\/index.php\/wp-json\/wp\/v2\/pages\/3"}],"collection":[{"href":"https:\/\/florensartesania.com\/index.php\/wp-json\/wp\/v2\/pages"}],"about":[{"href":"https:\/\/florensartesania.com\/index.php\/wp-json\/wp\/v2\/types\/page"}],"author":[{"embeddable":true,"href":"https:\/\/florensartesania.com\/index.php\/wp-json\/wp\/v2\/users\/1"}],"replies":[{"embeddable":true,"href":"https:\/\/florensartesania.com\/index.php\/wp-json\/wp\/v2\/comments?post=3"}],"version-history":[{"count":1,"href":"https:\/\/florensartesania.com\/index.php\/wp-json\/wp\/v2\/pages\/3\/revisions"}],"predecessor-version":[{"id":173,"href":"https:\/\/florensartesania.com\/index.php\/wp-json\/wp\/v2\/pages\/3\/revisions\/173"}],"wp:attachment":[{"href":"https:\/\/florensartesania.com\/index.php\/wp-json\/wp\/v2\/media?parent=3"}],"curies":[{"name":"wp","href":"https:\/\/api.w.org\/{rel}","templated":true}]}}