{"id":195,"date":"2021-06-23T05:01:15","date_gmt":"2021-06-23T05:01:15","guid":{"rendered":"https:\/\/florensartesania.com\/?post_type=product&#038;p=195"},"modified":"2026-04-11T03:59:26","modified_gmt":"2026-04-11T03:59:26","slug":"cartera-carpa-japonesa","status":"publish","type":"product","link":"https:\/\/florensartesania.com\/index.php\/producto\/cartera-carpa-japonesa\/","title":{"rendered":"Cartera carpa japonesa"},"content":{"rendered":"<p>Cartera de piel de ternera con cierre de cremallera y detalle repujado a color de carpa japonesa. Tiene varios compartimentos tanto para tarjetas como para monedas. Hecha mano y dise\u00f1o original. Este art\u00edculo es \u00fanico.<\/p>\n","protected":false},"excerpt":{"rendered":"<blockquote><p>Cartera de cuero con detalle pez repujado, varios compartimentos para tarjetas y uno amplio para monedas.<\/p><\/blockquote>\n","protected":false},"featured_media":196,"comment_status":"open","ping_status":"closed","template":"","meta":{"om_disable_all_campaigns":false,"_monsterinsights_skip_tracking":false,"_monsterinsights_sitenote_active":false,"_monsterinsights_sitenote_note":"","_monsterinsights_sitenote_category":0,"spay_email":""},"_links":{"self":[{"href":"https:\/\/florensartesania.com\/index.php\/wp-json\/wp\/v2\/product\/195"}],"collection":[{"href":"https:\/\/florensartesania.com\/index.php\/wp-json\/wp\/v2\/product"}],"about":[{"href":"https:\/\/florensartesania.com\/index.php\/wp-json\/wp\/v2\/types\/product"}],"replies":[{"embeddable":true,"href":"https:\/\/florensartesania.com\/index.php\/wp-json\/wp\/v2\/comments?post=195"}],"wp:featuredmedia":[{"embeddable":true,"href":"https:\/\/florensartesania.com\/index.php\/wp-json\/wp\/v2\/media\/196"}],"wp:attachment":[{"href":"https:\/\/florensartesania.com\/index.php\/wp-json\/wp\/v2\/media?parent=195"}],"curies":[{"name":"wp","href":"https:\/\/api.w.org\/{rel}","templated":true}]}}